{"id":13,"date":"2015-03-18T22:40:36","date_gmt":"2015-03-19T02:40:36","guid":{"rendered":"https:\/\/pqincommltd.com\/?page_id=13"},"modified":"2015-05-16T21:53:35","modified_gmt":"2015-05-17T01:53:35","slug":"services","status":"publish","type":"page","link":"https:\/\/pqincommltd.com\/fr\/services\/","title":{"rendered":"Pierre Quenneville &#8211; Services"},"content":{"rendered":"<p>PIERRE QUENNEVILLE INCOMM Ltd a comme objectif d\u2019offrir toute une gamme de services aux entreprises de t\u00e9l\u00e9communications et c\u00e2blodistribution tels: soutien, \u00e9valuation de r\u00e9seau, assurance de la qualit\u00e9, formation des cadres et des inspecteurs.<br \/>\nEn plus, PIERRE QUENNEVILLE INCOMM Ltd se sp\u00e9cialise dans la formation des monteurs de lignes. Le volet a\u00e9rien couvre tous les aspects tels le plantage de poteaux et d\u2019ancres, la pose de toron, la pose de c\u00e2bles de cuivre et de fibre optique, les transferts de poteaux, etc.<br \/>\nLe volet souterrain traite plus sp\u00e9cifiquement de l\u2019enfilage des conduits et du tirage de c\u00e2ble en espace clos.<br \/>\nL\u2019utilisation des outils et des \u00e9quipements sp\u00e9cialis\u00e9s y sont \u00e9galement enseign\u00e9s tels les camions \u00e0 nacelle, les remorques, ligatureurs, tron\u00e7onneuses, etc.<br \/>\nCes formations permettront de garantir un r\u00e9seau conforme aux normes et devis et r\u00e9duiront ainsi le co\u00fbt des visites suppl\u00e9mentaires reli\u00e9es aux erreurs de conception qui parfois, ont une incidence directe sur la s\u00e9curit\u00e9 du public ou de quiconque est appel\u00e9 \u00e0 travailler sur ces structures.<br \/>\nNaturellement, nous croyons fermement que de saines pratiques de travail s\u00e9curitaire constituent un \u00e9l\u00e9ment cl\u00e9 de notre succ\u00e8s et c\u2019est la raison pour laquelle la sant\u00e9 et la s\u00e9curit\u00e9 occupe une place pr\u00e9pond\u00e9rante dans notre approche p\u00e9dagogique.<br \/>\nPar sa signature et son engagement, PIERRE QUENNEVILLE INCOMM Ltd assure \u00e0 sa client\u00e8le un service complet et de haute qualit\u00e9 en mati\u00e8re de formation sp\u00e9cialis\u00e9e, ce qui procurera une valeur ajout\u00e9e \u00e0 l\u2019organisation.<br \/>\n<\/p>","protected":false},"excerpt":{"rendered":"<p>PIERRE QUENNEVILLE INCOMM Ltd a comme objectif d\u2019offrir toute une gamme de services aux entreprises de t\u00e9l\u00e9communications et c\u00e2blodistribution tels: soutien, \u00e9valuation de r\u00e9seau, assurance de la qualit\u00e9, formation des cadres et des inspecteurs. En plus, PIERRE QUENNEVILLE INCOMM Ltd se sp\u00e9cialise dans la formation des monteurs de lignes. Le volet a\u00e9rien couvre tous les [&hellip;]<\/p>\n","protected":false},"author":1,"featured_media":177,"parent":0,"menu_order":0,"comment_status":"open","ping_status":"open","template":"","meta":{"_genesis_hide_title":false,"_genesis_hide_breadcrumbs":false,"_genesis_hide_singular_image":false,"_genesis_hide_footer_widgets":false,"_genesis_custom_body_class":"","_genesis_custom_post_class":"","_genesis_layout":"","footnotes":""},"class_list":{"0":"post-13","1":"page","2":"type-page","3":"status-publish","4":"has-post-thumbnail","6":"entry"},"jetpack_sharing_enabled":true,"jetpack_shortlink":"https:\/\/wp.me\/P5Wlp4-d","_links":{"self":[{"href":"https:\/\/pqincommltd.com\/fr\/wp-json\/wp\/v2\/pages\/13","targetHints":{"allow":["GET"]}}],"collection":[{"href":"https:\/\/pqincommltd.com\/fr\/wp-json\/wp\/v2\/pages"}],"about":[{"href":"https:\/\/pqincommltd.com\/fr\/wp-json\/wp\/v2\/types\/page"}],"author":[{"embeddable":true,"href":"https:\/\/pqincommltd.com\/fr\/wp-json\/wp\/v2\/users\/1"}],"replies":[{"embeddable":true,"href":"https:\/\/pqincommltd.com\/fr\/wp-json\/wp\/v2\/comments?post=13"}],"version-history":[{"count":9,"href":"https:\/\/pqincommltd.com\/fr\/wp-json\/wp\/v2\/pages\/13\/revisions"}],"predecessor-version":[{"id":251,"href":"https:\/\/pqincommltd.com\/fr\/wp-json\/wp\/v2\/pages\/13\/revisions\/251"}],"wp:featuredmedia":[{"embeddable":true,"href":"https:\/\/pqincommltd.com\/fr\/wp-json\/wp\/v2\/media\/177"}],"wp:attachment":[{"href":"https:\/\/pqincommltd.com\/fr\/wp-json\/wp\/v2\/media?parent=13"}],"curies":[{"name":"wp","href":"https:\/\/api.w.org\/{rel}","templated":true}]}}