{"id":2,"date":"2015-03-18T16:10:47","date_gmt":"2015-03-18T16:10:47","guid":{"rendered":"https:\/\/pqincommltd.com\/?page_id=2"},"modified":"2015-05-19T10:42:40","modified_gmt":"2015-05-19T14:42:40","slug":"mission","status":"publish","type":"page","link":"https:\/\/pqincommltd.com\/fr\/mission\/","title":{"rendered":"Mission"},"content":{"rendered":"<p><\/p>\n<h2>Mission<\/h2>\n<p>PIERRE QUENNEVILLE INCOMM Ltd a \u00e9t\u00e9 fond\u00e9 en janvier 2014 et a pour mission sp\u00e9cifique d\u2019\u00eatre le chef de file en mati\u00e8re de formation sp\u00e9cialis\u00e9, reli\u00e9 \u00e0 l\u2019installation de r\u00e9seaux de distributions en t\u00e9l\u00e9communication et en c\u00e2blodistribution.<\/p>\n<p>Jeune entreprise dynamique, PIERRE QUENNEVILLE INCOMM Ltd et son personnel se distinguent par le haut degr\u00e9 de professionnalisme et contribuent ainsi \u00e0 hausser la performance organisationnelle de sa client\u00e8le.<br \/>\nSoyez assur\u00e9 que l\u2019\u00e9quipe de PIERRE QUENNEVILLE INCOMM Ltd s\u2019engage \u00e0 vous fournir des services de haute qualit\u00e9 et personnalis\u00e9s \u00e0 l\u2019image du concept de votre entreprise.<\/p>","protected":false},"excerpt":{"rendered":"<p>Mission PIERRE QUENNEVILLE INCOMM Ltd a \u00e9t\u00e9 fond\u00e9 en janvier 2014 et a pour mission sp\u00e9cifique d\u2019\u00eatre le chef de file en mati\u00e8re de formation sp\u00e9cialis\u00e9, reli\u00e9 \u00e0 l\u2019installation de r\u00e9seaux de distributions en t\u00e9l\u00e9communication et en c\u00e2blodistribution. Jeune entreprise dynamique, PIERRE QUENNEVILLE INCOMM Ltd et son personnel se distinguent par le haut degr\u00e9 de [&hellip;]<\/p>\n","protected":false},"author":1,"featured_media":0,"parent":0,"menu_order":0,"comment_status":"open","ping_status":"open","template":"","meta":{"_genesis_hide_title":false,"_genesis_hide_breadcrumbs":false,"_genesis_hide_singular_image":false,"_genesis_hide_footer_widgets":false,"_genesis_custom_body_class":"","_genesis_custom_post_class":"","_genesis_layout":"","footnotes":""},"class_list":{"0":"post-2","1":"page","2":"type-page","3":"status-publish","5":"entry","6":"has-post-thumbnail"},"jetpack_sharing_enabled":true,"jetpack_shortlink":"https:\/\/wp.me\/P5Wlp4-2","_links":{"self":[{"href":"https:\/\/pqincommltd.com\/fr\/wp-json\/wp\/v2\/pages\/2","targetHints":{"allow":["GET"]}}],"collection":[{"href":"https:\/\/pqincommltd.com\/fr\/wp-json\/wp\/v2\/pages"}],"about":[{"href":"https:\/\/pqincommltd.com\/fr\/wp-json\/wp\/v2\/types\/page"}],"author":[{"embeddable":true,"href":"https:\/\/pqincommltd.com\/fr\/wp-json\/wp\/v2\/users\/1"}],"replies":[{"embeddable":true,"href":"https:\/\/pqincommltd.com\/fr\/wp-json\/wp\/v2\/comments?post=2"}],"version-history":[{"count":9,"href":"https:\/\/pqincommltd.com\/fr\/wp-json\/wp\/v2\/pages\/2\/revisions"}],"predecessor-version":[{"id":271,"href":"https:\/\/pqincommltd.com\/fr\/wp-json\/wp\/v2\/pages\/2\/revisions\/271"}],"wp:attachment":[{"href":"https:\/\/pqincommltd.com\/fr\/wp-json\/wp\/v2\/media?parent=2"}],"curies":[{"name":"wp","href":"https:\/\/api.w.org\/{rel}","templated":true}]}}